{"id":3466,"date":"2024-09-14T17:48:28","date_gmt":"2024-09-14T17:48:28","guid":{"rendered":"https:\/\/spejchar-breznice.cz\/?page_id=3466"},"modified":"2024-09-14T20:20:13","modified_gmt":"2024-09-14T20:20:13","slug":"aktuality-2","status":"publish","type":"page","link":"https:\/\/spejchar-breznice.cz\/?page_id=3466","title":{"rendered":"Aktuality"},"content":{"rendered":"\n<p class=\"has-medium-font-size\">Informace o akc\u00edch a d\u016fle\u017eit\u00e1 ozn\u00e1men\u00ed<\/p>\n\n\n\n<div style=\"height:28px\" aria-hidden=\"true\" class=\"wp-block-spacer\"><\/div>\n\n\n<ul class=\"wp-block-latest-posts__list is-grid columns-3 has-dates wp-block-latest-posts\"><li><div class=\"wp-block-latest-posts__featured-image\"><img loading=\"lazy\" decoding=\"async\" width=\"228\" height=\"300\" src=\"https:\/\/spejchar-breznice.cz\/wp-content\/uploads\/2026\/04\/50shades-228x300.jpg\" class=\"attachment-medium size-medium wp-post-image\" alt=\"\" style=\"\" srcset=\"https:\/\/spejchar-breznice.cz\/wp-content\/uploads\/2026\/04\/50shades-228x300.jpg 228w, https:\/\/spejchar-breznice.cz\/wp-content\/uploads\/2026\/04\/50shades-778x1024.jpg 778w, https:\/\/spejchar-breznice.cz\/wp-content\/uploads\/2026\/04\/50shades-768x1011.jpg 768w, https:\/\/spejchar-breznice.cz\/wp-content\/uploads\/2026\/04\/50shades-1167x1536.jpg 1167w, https:\/\/spejchar-breznice.cz\/wp-content\/uploads\/2026\/04\/50shades.jpg 1556w\" sizes=\"auto, (max-width: 228px) 100vw, 228px\" \/><\/div><a class=\"wp-block-latest-posts__post-title\" href=\"https:\/\/spejchar-breznice.cz\/?p=4426\">Fifty shades of blues<\/a><time datetime=\"2026-04-09T12:21:32+00:00\" class=\"wp-block-latest-posts__post-date\">9 dubna, 2026<\/time><div class=\"wp-block-latest-posts__post-excerpt\">V p\u00e1tek 17.04. od 19:30 u n\u00e1s.<\/div><\/li>\n<li><div class=\"wp-block-latest-posts__featured-image\"><img loading=\"lazy\" decoding=\"async\" width=\"200\" height=\"300\" src=\"https:\/\/spejchar-breznice.cz\/wp-content\/uploads\/2026\/03\/willow-200x300.jpg\" class=\"attachment-medium size-medium wp-post-image\" alt=\"\" style=\"\" srcset=\"https:\/\/spejchar-breznice.cz\/wp-content\/uploads\/2026\/03\/willow-200x300.jpg 200w, https:\/\/spejchar-breznice.cz\/wp-content\/uploads\/2026\/03\/willow-683x1024.jpg 683w, https:\/\/spejchar-breznice.cz\/wp-content\/uploads\/2026\/03\/willow-768x1152.jpg 768w, https:\/\/spejchar-breznice.cz\/wp-content\/uploads\/2026\/03\/willow-1024x1536.jpg 1024w, https:\/\/spejchar-breznice.cz\/wp-content\/uploads\/2026\/03\/willow.jpg 1365w\" sizes=\"auto, (max-width: 200px) 100vw, 200px\" \/><\/div><a class=\"wp-block-latest-posts__post-title\" href=\"https:\/\/spejchar-breznice.cz\/?p=4416\">Willow Rods &#8211; irsk\u00fd a country ve\u010der 27.03.<\/a><time datetime=\"2026-03-15T20:21:34+00:00\" class=\"wp-block-latest-posts__post-date\">15 b\u0159ezna, 2026<\/time><div class=\"wp-block-latest-posts__post-excerpt\">od 19:00 u n\u00e1s!<\/div><\/li>\n<li><div class=\"wp-block-latest-posts__featured-image\"><img loading=\"lazy\" decoding=\"async\" width=\"300\" height=\"225\" src=\"https:\/\/spejchar-breznice.cz\/wp-content\/uploads\/2026\/02\/633774230_1737197894262746_4964523835408673787_n-300x225.jpg\" class=\"attachment-medium size-medium wp-post-image\" alt=\"\" style=\"\" srcset=\"https:\/\/spejchar-breznice.cz\/wp-content\/uploads\/2026\/02\/633774230_1737197894262746_4964523835408673787_n-300x225.jpg 300w, https:\/\/spejchar-breznice.cz\/wp-content\/uploads\/2026\/02\/633774230_1737197894262746_4964523835408673787_n-1024x768.jpg 1024w, https:\/\/spejchar-breznice.cz\/wp-content\/uploads\/2026\/02\/633774230_1737197894262746_4964523835408673787_n-768x576.jpg 768w, https:\/\/spejchar-breznice.cz\/wp-content\/uploads\/2026\/02\/633774230_1737197894262746_4964523835408673787_n-1536x1152.jpg 1536w, https:\/\/spejchar-breznice.cz\/wp-content\/uploads\/2026\/02\/633774230_1737197894262746_4964523835408673787_n.jpg 2048w\" sizes=\"auto, (max-width: 300px) 100vw, 300px\" \/><\/div><a class=\"wp-block-latest-posts__post-title\" href=\"https:\/\/spejchar-breznice.cz\/?p=4364\">Valent\u00fdnsk\u00fd ve\u010der s kytarou 14.02.2026<\/a><time datetime=\"2026-02-11T21:41:00+00:00\" class=\"wp-block-latest-posts__post-date\">11 \u00fanora, 2026<\/time><div class=\"wp-block-latest-posts__post-excerpt\">Ji\u017e v sobotu od 19:00 spole\u010dn\u011b s valent\u00fdnsk\u00fdm menu.<\/div><\/li>\n<li><div class=\"wp-block-latest-posts__featured-image\"><img loading=\"lazy\" decoding=\"async\" width=\"225\" height=\"300\" src=\"https:\/\/spejchar-breznice.cz\/wp-content\/uploads\/2025\/11\/577301367_1653942809254922_5010902361414451467_n-225x300.jpg\" class=\"attachment-medium size-medium wp-post-image\" alt=\"\" style=\"\" srcset=\"https:\/\/spejchar-breznice.cz\/wp-content\/uploads\/2025\/11\/577301367_1653942809254922_5010902361414451467_n-225x300.jpg 225w, https:\/\/spejchar-breznice.cz\/wp-content\/uploads\/2025\/11\/577301367_1653942809254922_5010902361414451467_n.jpg 526w\" sizes=\"auto, (max-width: 225px) 100vw, 225px\" \/><\/div><a class=\"wp-block-latest-posts__post-title\" href=\"https:\/\/spejchar-breznice.cz\/?p=4238\">Rock, Jazz a Bluess v pod\u00e1n\u00ed skupiny BARRONS<\/a><time datetime=\"2025-11-06T23:15:00+00:00\" class=\"wp-block-latest-posts__post-date\">6 listopadu, 2025<\/time><div class=\"wp-block-latest-posts__post-excerpt\">Tuto sobotu od 20:00 op\u011bt na \u0160pejcharu!<\/div><\/li>\n<li><div class=\"wp-block-latest-posts__featured-image\"><img loading=\"lazy\" decoding=\"async\" width=\"213\" height=\"300\" src=\"https:\/\/spejchar-breznice.cz\/wp-content\/uploads\/2025\/10\/25_10_2025-213x300.jpg\" class=\"attachment-medium size-medium wp-post-image\" alt=\"\" style=\"\" srcset=\"https:\/\/spejchar-breznice.cz\/wp-content\/uploads\/2025\/10\/25_10_2025-213x300.jpg 213w, https:\/\/spejchar-breznice.cz\/wp-content\/uploads\/2025\/10\/25_10_2025-725x1024.jpg 725w, https:\/\/spejchar-breznice.cz\/wp-content\/uploads\/2025\/10\/25_10_2025-768x1084.jpg 768w, https:\/\/spejchar-breznice.cz\/wp-content\/uploads\/2025\/10\/25_10_2025.jpg 1013w\" sizes=\"auto, (max-width: 213px) 100vw, 213px\" \/><\/div><a class=\"wp-block-latest-posts__post-title\" href=\"https:\/\/spejchar-breznice.cz\/?p=4186\">Michal Jaro\u0161 &#8211; ve\u010der s kytarou       25. 10. 2025<\/a><time datetime=\"2025-10-10T02:03:00+00:00\" class=\"wp-block-latest-posts__post-date\">10 \u0159\u00edjna, 2025<\/time><div class=\"wp-block-latest-posts__post-excerpt\">P\u0159ij\u010fte! Za\u010d\u00edn\u00e1me v 19:00.<\/div><\/li>\n<li><a class=\"wp-block-latest-posts__post-title\" href=\"https:\/\/spejchar-breznice.cz\/?p=4190\">Svatomartinsk\u00e1 husa<\/a><time datetime=\"2025-10-09T07:08:00+00:00\" class=\"wp-block-latest-posts__post-date\">9 \u0159\u00edjna, 2025<\/time><div class=\"wp-block-latest-posts__post-excerpt\">Svatomartinsk\u00e1 husa bude na \u0160pejcharu 11.11. a pot\u00e9 o prodlou\u017een\u00e9m v\u00edkendu 15.11. &#8211; 17.11. Rezervace ji\u017e nyn\u00ed!<\/div><\/li>\n<\/ul>","protected":false},"excerpt":{"rendered":"<p>Informace o akc\u00edch a d\u016fle\u017eit\u00e1 ozn\u00e1men\u00ed<\/p>\n","protected":false},"author":2,"featured_media":3489,"parent":0,"menu_order":0,"comment_status":"closed","ping_status":"closed","template":"","meta":{"footnotes":""},"class_list":["post-3466","page","type-page","status-publish","has-post-thumbnail","hentry","entry","has-media"],"_links":{"self":[{"href":"https:\/\/spejchar-breznice.cz\/index.php?rest_route=\/wp\/v2\/pages\/3466","targetHints":{"allow":["GET"]}}],"collection":[{"href":"https:\/\/spejchar-breznice.cz\/index.php?rest_route=\/wp\/v2\/pages"}],"about":[{"href":"https:\/\/spejchar-breznice.cz\/index.php?rest_route=\/wp\/v2\/types\/page"}],"author":[{"embeddable":true,"href":"https:\/\/spejchar-breznice.cz\/index.php?rest_route=\/wp\/v2\/users\/2"}],"replies":[{"embeddable":true,"href":"https:\/\/spejchar-breznice.cz\/index.php?rest_route=%2Fwp%2Fv2%2Fcomments&post=3466"}],"version-history":[{"count":6,"href":"https:\/\/spejchar-breznice.cz\/index.php?rest_route=\/wp\/v2\/pages\/3466\/revisions"}],"predecessor-version":[{"id":3503,"href":"https:\/\/spejchar-breznice.cz\/index.php?rest_route=\/wp\/v2\/pages\/3466\/revisions\/3503"}],"wp:featuredmedia":[{"embeddable":true,"href":"https:\/\/spejchar-breznice.cz\/index.php?rest_route=\/wp\/v2\/media\/3489"}],"wp:attachment":[{"href":"https:\/\/spejchar-breznice.cz\/index.php?rest_route=%2Fwp%2Fv2%2Fmedia&parent=3466"}],"curies":[{"name":"wp","href":"https:\/\/api.w.org\/{rel}","templated":true}]}}